{"id":4658,"date":"2024-09-11T10:08:12","date_gmt":"2024-09-11T10:08:12","guid":{"rendered":"https:\/\/diamondesthetic.hu\/?page_id=4658"},"modified":"2024-12-17T11:06:20","modified_gmt":"2024-12-17T11:06:20","slug":"services","status":"publish","type":"page","link":"https:\/\/diamondesthetic.hu\/hu\/services\/","title":{"rendered":"Services"},"content":{"rendered":"<div data-elementor-type=\"wp-page\" data-elementor-id=\"4658\" class=\"elementor elementor-4658\">\n\t\t\t\t\t\t<section class=\"elementor-section elementor-top-section elementor-element elementor-element-cad0709 elementor-section-full_width elementor-reverse-tablet elementor-reverse-mobile elementor-section-height-default elementor-section-height-default\" data-id=\"cad0709\" data-element_type=\"section\" data-settings=\"{&quot;background_background&quot;:&quot;classic&quot;}\">\n\t\t\t\t\t\t<div class=\"elementor-container elementor-column-gap-no\">\n\t\t\t\t\t<div class=\"elementor-column elementor-col-66 elementor-top-column elementor-element elementor-element-8cd4cf5\" data-id=\"8cd4cf5\" data-element_type=\"column\" data-settings=\"{&quot;background_background&quot;:&quot;classic&quot;}\">\n\t\t\t<div class=\"elementor-widget-wrap elementor-element-populated\">\n\t\t\t\t\t\t<div class=\"elementor-element elementor-element-6421047 elementor-widget elementor-widget-heading\" data-id=\"6421047\" data-element_type=\"widget\" data-widget_type=\"heading.default\">\n\t\t\t\t<div class=\"elementor-widget-container\">\n\t\t\t<style>\/*! elementor - v3.23.0 - 05-08-2024 *\/\n.elementor-heading-title{padding:0;margin:0;line-height:1}.elementor-widget-heading .elementor-heading-title[class*=elementor-size-]>a{color:inherit;font-size:inherit;line-height:inherit}.elementor-widget-heading .elementor-heading-title.elementor-size-small{font-size:15px}.elementor-widget-heading .elementor-heading-title.elementor-size-medium{font-size:19px}.elementor-widget-heading .elementor-heading-title.elementor-size-large{font-size:29px}.elementor-widget-heading .elementor-heading-title.elementor-size-xl{font-size:39px}.elementor-widget-heading .elementor-heading-title.elementor-size-xxl{font-size:59px}<\/style><h3 class=\"elementor-heading-title elementor-size-default\">SZOLG\u00c1LTAT\u00c1SAINK<\/h3>\t\t<\/div>\n\t\t\t\t<\/div>\n\t\t\t\t<div class=\"elementor-element elementor-element-6042e8e elementor-widget elementor-widget-html\" data-id=\"6042e8e\" data-element_type=\"widget\" data-widget_type=\"html.default\">\n\t\t\t\t<div class=\"elementor-widget-container\">\n\t\t\t<style>\n    .nasa-icon-box .box-text {\n    color: #ffffff;\n    line-height: 1.2;\n}\n.nasa-icon-box .box-img img {\n    width: 100px;\n    height: auto;\n}\n<\/style>\t\t<\/div>\n\t\t\t\t<\/div>\n\t\t\t\t<div class=\"elementor-element elementor-element-f0f025d elementor-widget elementor-widget-nasa-icon-box\" data-id=\"f0f025d\" data-element_type=\"widget\" data-widget_type=\"nasa-icon-box.default\">\n\t\t\t\t<div class=\"elementor-widget-container\">\n\t\t\t    <div class=\"nasa-icon-box\">\r\n        <div class=\"box nasa-flex flex-row\">\r\n            <div class=\"box-img nasa-flex jc\"><img fetchpriority=\"high\" decoding=\"async\" src=\"https:\/\/diamondesthetic.hu\/wp-content\/uploads\/2024\/09\/image-Photoroom-1.png\" alt=\"Education\" width=\"626\" height=\"626\" \/><\/div>            \r\n            <div class=\"box-text\">\r\n                                    <span class=\"box-title fs-22 nasa-bold margin-bottom-10 nasa-block\">\r\n                        OKTAT\u00c1S, TAN\u00c1CSAD\u00c1S                    <\/span>\r\n                                                    <p class=\"box-desc\">\r\n                        We provide training services for the application of products. Contact us for more information.                    <\/p>\r\n                            <\/div>\r\n        <\/div>\r\n    <\/div>\r\n    \t\t<\/div>\n\t\t\t\t<\/div>\n\t\t\t\t<div class=\"elementor-element elementor-element-d35dc07 elementor-widget elementor-widget-nasa-icon-box\" data-id=\"d35dc07\" data-element_type=\"widget\" data-widget_type=\"nasa-icon-box.default\">\n\t\t\t\t<div class=\"elementor-widget-container\">\n\t\t\t    <div class=\"nasa-icon-box\">\r\n        <div class=\"box nasa-flex flex-row\">\r\n            <div class=\"box-img nasa-flex jc\"><img decoding=\"async\" src=\"https:\/\/diamondesthetic.hu\/wp-content\/uploads\/2024\/09\/avion.png\" alt=\"International patient transport\" width=\"600\" height=\"600\" \/><\/div>            \r\n            <div class=\"box-text\">\r\n                                    <span class=\"box-title fs-22 nasa-bold margin-bottom-10 nasa-block\">\r\n                        NEMZETK\u00d6ZI BETEGSZ\u00c1LL\u00cdT\u00c1S                    <\/span>\r\n                                                    <p class=\"box-desc\">\r\n                        We provide international patient transport services. Contact us for more information.                    <\/p>\r\n                            <\/div>\r\n        <\/div>\r\n    <\/div>\r\n    \t\t<\/div>\n\t\t\t\t<\/div>\n\t\t\t\t<div class=\"elementor-element elementor-element-52ad428 elementor-widget elementor-widget-nasa-icon-box\" data-id=\"52ad428\" data-element_type=\"widget\" data-widget_type=\"nasa-icon-box.default\">\n\t\t\t\t<div class=\"elementor-widget-container\">\n\t\t\t    <div class=\"nasa-icon-box\">\r\n        <div class=\"box nasa-flex flex-row\">\r\n            <div class=\"box-img nasa-flex jc\"><img decoding=\"async\" src=\"https:\/\/diamondesthetic.hu\/wp-content\/uploads\/2024\/09\/image-Photoroom.png\" alt=\"Health insurance for events\" width=\"626\" height=\"626\" \/><\/div>            \r\n            <div class=\"box-text\">\r\n                                    <span class=\"box-title fs-22 nasa-bold margin-bottom-10 nasa-block\">\r\n                        RENDEZV\u00c9NYEK EG\u00c9SZS\u00c9G\u00dcGYI BIZTOS\u00cdT\u00c1SA                    <\/span>\r\n                                                    <p class=\"box-desc\">\r\n                        We provide patient health insurance services for events. Contact us for more information.                    <\/p>\r\n                            <\/div>\r\n        <\/div>\r\n    <\/div>\r\n    \t\t<\/div>\n\t\t\t\t<\/div>\n\t\t\t\t\t<\/div>\n\t\t<\/div>\n\t\t\t\t<div class=\"elementor-column elementor-col-33 elementor-top-column elementor-element elementor-element-026edca elementor-hidden-tablet elementor-hidden-mobile\" data-id=\"026edca\" data-element_type=\"column\" data-settings=\"{&quot;background_background&quot;:&quot;classic&quot;}\">\n\t\t\t<div class=\"elementor-widget-wrap\">\n\t\t\t\t\t\t\t<\/div>\n\t\t<\/div>\n\t\t\t\t\t<\/div>\n\t\t<\/section>\n\t\t\t\t<\/div>","protected":false},"excerpt":{"rendered":"<p>OUR SERVICES Education We provide training services for the application of products. Contact us for more information. International patient transport We provide international patient transport services. Contact us for more information. Health insurance for events We provide patient health insurance services for events. Contact us for more information.<\/p>","protected":false},"author":1,"featured_media":0,"parent":0,"menu_order":0,"comment_status":"closed","ping_status":"closed","template":"elementor_theme","meta":{"footnotes":""},"class_list":["post-4658","page","type-page","status-publish","hentry"],"_links":{"self":[{"href":"https:\/\/diamondesthetic.hu\/hu\/wp-json\/wp\/v2\/pages\/4658","targetHints":{"allow":["GET"]}}],"collection":[{"href":"https:\/\/diamondesthetic.hu\/hu\/wp-json\/wp\/v2\/pages"}],"about":[{"href":"https:\/\/diamondesthetic.hu\/hu\/wp-json\/wp\/v2\/types\/page"}],"author":[{"embeddable":true,"href":"https:\/\/diamondesthetic.hu\/hu\/wp-json\/wp\/v2\/users\/1"}],"replies":[{"embeddable":true,"href":"https:\/\/diamondesthetic.hu\/hu\/wp-json\/wp\/v2\/comments?post=4658"}],"version-history":[{"count":98,"href":"https:\/\/diamondesthetic.hu\/hu\/wp-json\/wp\/v2\/pages\/4658\/revisions"}],"predecessor-version":[{"id":5090,"href":"https:\/\/diamondesthetic.hu\/hu\/wp-json\/wp\/v2\/pages\/4658\/revisions\/5090"}],"wp:attachment":[{"href":"https:\/\/diamondesthetic.hu\/hu\/wp-json\/wp\/v2\/media?parent=4658"}],"curies":[{"name":"wp","href":"https:\/\/api.w.org\/{rel}","templated":true}]}}