{"id":4779,"date":"2024-09-23T08:44:39","date_gmt":"2024-09-23T08:44:39","guid":{"rendered":"https:\/\/diamondesthetic.hu\/?post_type=product&#038;p=4779"},"modified":"2025-03-15T18:32:53","modified_gmt":"2025-03-15T18:32:53","slug":"zhoabex-deep-2-x-1ml","status":"publish","type":"product","link":"https:\/\/diamondesthetic.hu\/hu\/termek\/zhoabex-deep-2-x-1ml\/","title":{"rendered":"Zhoabex Deep 2 x 1ml"},"content":{"rendered":"","protected":false},"excerpt":{"rendered":"<div id=\"PreviewTab1\"><span style=\"vertical-align: inherit;\"><span style=\"vertical-align: inherit;\"><span style=\"vertical-align: inherit;\"><span style=\"vertical-align: inherit;\"><span style=\"vertical-align: inherit;\"><span style=\"vertical-align: inherit;\">Zhoabex M\u00c9LY\u00a0<\/span><\/span><\/span><\/span><\/span><\/span><\/div>\n<ul>\n<li><span style=\"vertical-align: inherit;\"><span style=\"vertical-align: inherit;\"><span style=\"vertical-align: inherit;\"><span style=\"vertical-align: inherit;\"><span style=\"vertical-align: inherit;\"><span style=\"vertical-align: inherit;\">A formul\u00e1t a k\u00f6zepes \u00e9s m\u00e9ly r\u00e1ncok kezel\u00e9s\u00e9re, valamint a leggyakrabban archib\u00e1k korrig\u00e1l\u00e1s\u00e1ra fejleszt\u00e9s\u00e9k ki.<\/span><\/span><\/span><\/span><\/span><\/span><\/li>\n<li><span style=\"vertical-align: inherit;\"><span style=\"vertical-align: inherit;\"><span style=\"vertical-align: inherit;\"><span style=\"vertical-align: inherit;\"><span style=\"vertical-align: inherit;\"><span style=\"vertical-align: inherit;\">Olyan t\u00f6lt\u0151anyagot biztos\u00edt, amely sz\u00e1mos helyen ide\u00e1lis teljes\u00edtm\u00e9nyt ny\u00fajt, p\u00e9ld\u00e1ul a nasolabialis red\u0151kben, az orrban \u00e9s a homlokban.<\/span><\/span><\/span><\/span><\/span><\/span><\/li>\n<li><span style=\"vertical-align: inherit;\"><span style=\"vertical-align: inherit;\"><span style=\"vertical-align: inherit;\"><span style=\"vertical-align: inherit;\"><span style=\"vertical-align: inherit;\"><span style=\"vertical-align: inherit;\">Ez a t\u00f6lt\u0151anyag modellez\u0151, emel\u0151 \u00e9s hidrat\u00e1l\u00f3 hat\u00e1s\u00fa, ide\u00e1lis a nem seb\u00e9szeti orrplasztikai t\u00f6lt\u0151anyagokhoz \u00e9s az \u00e1ll kiemel\u00e9s\u00e9hez.<\/span><\/span><\/span><\/span><\/span><\/span><\/li>\n<li><span style=\"vertical-align: inherit;\"><span style=\"vertical-align: inherit;\"><span style=\"vertical-align: inherit;\"><span style=\"vertical-align: inherit;\"><span style=\"vertical-align: inherit;\"><span style=\"vertical-align: inherit;\">A nagy koh\u00e9zi\u00f3s j\u00f3t\u00e9konys\u00e1gra jellemz\u0151 m\u00e9rs\u00e9kelt alakform\u00e1l\u00f3 \u00e9s emel\u0151 tulajdons\u00e1gokkal egy\u00fctt.<\/span><\/span><\/span><\/span><\/span><\/span><\/li>\n<\/ul>","protected":false},"featured_media":5335,"template":"","meta":[],"product_cat":[200],"product_tag":[],"class_list":{"0":"post-4779","1":"product","2":"type-product","3":"status-publish","4":"has-post-thumbnail","6":"product_cat-fillers","7":"product_brand-zhoabex","9":"first","10":"instock","11":"taxable","12":"shipping-taxable","13":"purchasable","14":"product-type-simple"},"_links":{"self":[{"href":"https:\/\/diamondesthetic.hu\/hu\/wp-json\/wp\/v2\/product\/4779","targetHints":{"allow":["GET"]}}],"collection":[{"href":"https:\/\/diamondesthetic.hu\/hu\/wp-json\/wp\/v2\/product"}],"about":[{"href":"https:\/\/diamondesthetic.hu\/hu\/wp-json\/wp\/v2\/types\/product"}],"wp:featuredmedia":[{"embeddable":true,"href":"https:\/\/diamondesthetic.hu\/hu\/wp-json\/wp\/v2\/media\/5335"}],"wp:attachment":[{"href":"https:\/\/diamondesthetic.hu\/hu\/wp-json\/wp\/v2\/media?parent=4779"}],"wp:term":[{"taxonomy":"product_cat","embeddable":true,"href":"https:\/\/diamondesthetic.hu\/hu\/wp-json\/wp\/v2\/product_cat?post=4779"},{"taxonomy":"product_tag","embeddable":true,"href":"https:\/\/diamondesthetic.hu\/hu\/wp-json\/wp\/v2\/product_tag?post=4779"}],"curies":[{"name":"wp","href":"https:\/\/api.w.org\/{rel}","templated":true}]}}