{"id":4783,"date":"2024-09-23T08:53:07","date_gmt":"2024-09-23T08:53:07","guid":{"rendered":"https:\/\/diamondesthetic.hu\/?post_type=product&#038;p=4783"},"modified":"2025-03-15T19:04:28","modified_gmt":"2025-03-15T19:04:28","slug":"zhoabex-soft-touch-1-x-2ml","status":"publish","type":"product","link":"https:\/\/diamondesthetic.hu\/hu\/termek\/zhoabex-soft-touch-1-x-2ml\/","title":{"rendered":"Zhoabex Soft Touch 1 x 2ml"},"content":{"rendered":"","protected":false},"excerpt":{"rendered":"<p><span style=\"vertical-align: inherit;\"><span style=\"vertical-align: inherit;\">Zhoabex Soft Touch<\/span><\/span><\/p>\n<ul>\n<li><span style=\"vertical-align: inherit;\"><span style=\"vertical-align: inherit;\">\u00daj kidolgoz\u00e1s\u00fa, steril, nem pirog\u00e9n \u00e9s fiziol\u00f3gi\u00e1s t\u00f6lt\u0151anyag, mely seg\u00edti a term\u00e9szetes arcb\u0151r megereszked\u00e9s\u00e9nek korrekci\u00f3j\u00e1t.<\/span><\/span><\/li>\n<li><span style=\"vertical-align: inherit;\"><span style=\"vertical-align: inherit;\">A minim\u00e1lisan invaz\u00edv BIOLIFT n\u00e9gypontos technik\u00e1t alkalmazva ez a term\u00e9k a b\u0151r term\u00e9szetes rugalmass\u00e1g\u00e1nak elveszt\u00e9s\u00e9nek ellenszere.<\/span><\/span><\/li>\n<li><span style=\"vertical-align: inherit;\"><span style=\"vertical-align: inherit;\">Hidrat\u00e1l\u00f3 \u00e9s revitaliz\u00e1l\u00f3 tulajdons\u00e1gokkal rendelkezik, amely felt\u00f6lt\u0151, bioregener\u00e1l\u00f3, bio-restruktur\u00e1l\u00f3 hat\u00e1st fejt ki.<\/span><\/span><\/li>\n<li><span style=\"vertical-align: inherit;\"><span style=\"vertical-align: inherit;\">A Soft Touch bels\u0151 tulajdons\u00e1gai vissza\u00e1ll\u00edtj\u00e1k a kezel\u00e9s \u00e1ltal \u00e9rintett sz\u00f6vetek optim\u00e1lis hidrat\u00e1lts\u00e1gi \u00e1llapot\u00e1t, vissza\u00e1ll\u00edtva az arcb\u0151r ragyog\u00e1s\u00e1t.<\/span><\/span><\/li>\n<li><span style=\"vertical-align: inherit;\"><span style=\"vertical-align: inherit;\">K\u00fcl\u00f6n\u00f6sen alkalmas a fel\u00fcletes r\u00e1ncok ellen, a kombin\u00e1lt technik\u00e1kkal a dermisbe juttatott Soft Touch lehet\u0151v\u00e9 teszi a sz\u00f6vetek ellazul\u00e1s\u00e1t, meg\u0151rizve a term\u00e9szetes hat\u00e1st.<\/span><\/span><\/li>\n<li><span style=\"vertical-align: inherit;\"><span style=\"vertical-align: inherit;\">Hat\u00e1sa id\u0151vel kitart, friss \u00e9s meg\u00fajult megjelen\u00e9st k\u00f6lcs\u00f6n\u00f6z az arcnak.<\/span><\/span><\/li>\n<\/ul>","protected":false},"featured_media":5337,"template":"","meta":[],"product_cat":[200],"product_tag":[],"class_list":{"0":"post-4783","1":"product","2":"type-product","3":"status-publish","4":"has-post-thumbnail","6":"product_cat-fillers","7":"product_brand-zhoabex","9":"first","10":"instock","11":"taxable","12":"shipping-taxable","13":"purchasable","14":"product-type-simple"},"_links":{"self":[{"href":"https:\/\/diamondesthetic.hu\/hu\/wp-json\/wp\/v2\/product\/4783","targetHints":{"allow":["GET"]}}],"collection":[{"href":"https:\/\/diamondesthetic.hu\/hu\/wp-json\/wp\/v2\/product"}],"about":[{"href":"https:\/\/diamondesthetic.hu\/hu\/wp-json\/wp\/v2\/types\/product"}],"wp:featuredmedia":[{"embeddable":true,"href":"https:\/\/diamondesthetic.hu\/hu\/wp-json\/wp\/v2\/media\/5337"}],"wp:attachment":[{"href":"https:\/\/diamondesthetic.hu\/hu\/wp-json\/wp\/v2\/media?parent=4783"}],"wp:term":[{"taxonomy":"product_cat","embeddable":true,"href":"https:\/\/diamondesthetic.hu\/hu\/wp-json\/wp\/v2\/product_cat?post=4783"},{"taxonomy":"product_tag","embeddable":true,"href":"https:\/\/diamondesthetic.hu\/hu\/wp-json\/wp\/v2\/product_tag?post=4783"}],"curies":[{"name":"wp","href":"https:\/\/api.w.org\/{rel}","templated":true}]}}