{"id":4787,"date":"2024-09-23T09:07:39","date_gmt":"2024-09-23T09:07:39","guid":{"rendered":"https:\/\/diamondesthetic.hu\/?post_type=product&#038;p=4787"},"modified":"2025-03-15T16:07:06","modified_gmt":"2025-03-15T16:07:06","slug":"injectable-nithya-face","status":"publish","type":"product","link":"https:\/\/diamondesthetic.hu\/hu\/termek\/injectable-nithya-face\/","title":{"rendered":"Nithya \u2013 FACE"},"content":{"rendered":"","protected":false},"excerpt":{"rendered":"<h2><span style=\"vertical-align: inherit;\"><span style=\"vertical-align: inherit;\"><span style=\"vertical-align: inherit;\"><span style=\"vertical-align: inherit;\">Nithya Face, 3 x 70 mg \u2013 injekci\u00f3s kollag\u00e9npor<\/span><\/span><\/span><\/span><\/h2>\n<p><span style=\"vertical-align: inherit;\"><span style=\"vertical-align: inherit;\"><span style=\"vertical-align: inherit;\"><span style=\"vertical-align: inherit;\">A Nithya Face egy injekci\u00f3s kollag\u00e9npor, amely \u00f6reged\u00e9sg\u00e1tl\u00f3 hat\u00e1st biztos\u00edt, regener\u00e1lja a k\u00f6t\u0151sz\u00f6veteket \u00e9s korrig\u00e1lja a genetikai rendelleness\u00e9geket.<\/span><\/span><\/span><\/span><\/p>\n<p><span style=\"vertical-align: inherit;\"><span style=\"vertical-align: inherit;\"><span style=\"vertical-align: inherit;\"><span style=\"vertical-align: inherit;\">A kollag\u00e9n a k\u00f6t\u0151sz\u00f6vet\u00fcnkben a legnagyobb mennyis\u00e9gben el\u0151fordul\u00f3 feh\u00e9rje. B\u0151r\u00fcnket feszesen, t\u00f3nusosan \u00e9s feszesen tartja, \u00edgy \u00e9rt\u00e9kes sz\u00f6vets\u00e9gese a b\u0151r \u00f6reged\u00e9s\u00e9nek. A kollag\u00e9n teh\u00e1t az egyik f\u0151 t\u00e9nyez\u0151, amely az eg\u00e9szs\u00e9ges b\u0151r fenntart\u00e1s\u00e1hoz. Ahogy \u00f6regsz\u00fcnk, az \u00faj kollag\u00e9n szint\u00e9zise cs\u00f6kken. Az I-es t\u00edpus\u00fa kollag\u00e9n k\u00edn\u00e1lata dermisben serkenti a haszn\u00e1lt sejteket, hogy ne a fibroblasztokat, hogy ne termeljenek. Mivel a kollag\u00e9n k\u00edv\u00fcl val\u00f3 hozz\u00e1j\u00e1rul\u00e1sa hat\u00e9kony, fontos, hogy kivon\u00e1sa ut\u00e1n is t\u00f6k\u00e9letesen meg\u0151rizze a nat\u00edv tulajdons\u00e1gait. A gy\u00e1rt\u00e1si technol\u00f3gi\u00e1nak tiszteletben kell tartania annak biol\u00f3giai szerkezet\u00e9t, szigor\u00faan meg kell \u0151rizni tisztas\u00e1g\u00e1t, vegyszermaradv\u00e1nyok n\u00e9lk\u00fcl.<\/span><\/span><\/span><\/span><\/p>\n<p><span style=\"vertical-align: inherit;\"><span style=\"vertical-align: inherit;\"><span style=\"vertical-align: inherit;\"><span style=\"vertical-align: inherit;\">A Nithya Face serkenti az I-es t\u00edpus\u00fa kollag\u00e9ntermel\u00e9st a b\u0151rben, amely kezeli az \u00f6reged\u00e9s jeleit az arcon, a nyakon \u00e9s a kezeken. A fibro-stimul\u00e1ci\u00f3j\u00e1nak \u00e9s a neoblasztoknak a Nithya Face teljesen biztos\u00edtja a k\u00f6t\u0151- \u00e9s b\u0151rsz\u00f6vetek regener\u00e1l\u00f3d\u00e1s\u00e1t. Szint\u00e9n a term\u00e9k hypotrophia \u00e9s b\u0151rhipot\u00f3nia, valamint cs\u00f6kkent b\u0151rrugalmass\u00e1g eset\u00e9n javallott, ami a genetikai rendelleness\u00e9geknek tudhat\u00f3 be.<\/span><\/span><\/span><\/span><\/p>\n<h3><span style=\"vertical-align: inherit;\"><span style=\"vertical-align: inherit;\"><span style=\"vertical-align: inherit;\"><span style=\"vertical-align: inherit;\">Javallatok:<\/span><\/span><\/span><\/span><\/h3>\n<ul>\n<li><span style=\"vertical-align: inherit;\"><span style=\"vertical-align: inherit;\"><span style=\"vertical-align: inherit;\"><span style=\"vertical-align: inherit;\">R\u00e1ncok \u00e9s finom vonalak<\/span><\/span><\/span><\/span><\/li>\n<li><span style=\"vertical-align: inherit;\"><span style=\"vertical-align: inherit;\"><span style=\"vertical-align: inherit;\"><span style=\"vertical-align: inherit;\">Chrono- \u00e9s Photo-aging<\/span><\/span><\/span><\/span><\/li>\n<li><span style=\"vertical-align: inherit;\"><span style=\"vertical-align: inherit;\"><span style=\"vertical-align: inherit;\"><span style=\"vertical-align: inherit;\">A k\u00f6t\u0151- \u00e9s b\u0151r alatti sz\u00f6vetek regener\u00e1ci\u00f3ja<\/span><\/span><\/span><\/span><\/li>\n<li><span style=\"vertical-align: inherit;\"><span style=\"vertical-align: inherit;\"><span style=\"vertical-align: inherit;\"><span style=\"vertical-align: inherit;\">Hipotr\u00f3fia<\/span><\/span><\/span><\/span><\/li>\n<li><span style=\"vertical-align: inherit;\"><span style=\"vertical-align: inherit;\"><span style=\"vertical-align: inherit;\"><span style=\"vertical-align: inherit;\">B\u0151r hipot\u00f3nia<\/span><\/span><\/span><\/span><\/li>\n<li><span style=\"vertical-align: inherit;\"><span style=\"vertical-align: inherit;\"><span style=\"vertical-align: inherit;\"><span style=\"vertical-align: inherit;\">Cs\u00f6kkentett b\u0151r rugalmass\u00e1ga<\/span><\/span><\/span><\/span><\/li>\n<\/ul>\n<h3><span style=\"vertical-align: inherit;\"><span style=\"vertical-align: inherit;\"><span style=\"vertical-align: inherit;\"><span style=\"vertical-align: inherit;\">Ter\u00fcletek:<\/span><\/span><\/span><\/span><\/h3>\n<ul>\n<li><span style=\"vertical-align: inherit;\"><span style=\"vertical-align: inherit;\"><span style=\"vertical-align: inherit;\"><span style=\"vertical-align: inherit;\">Nasolabialis<\/span><\/span><\/span><\/span><\/li>\n<li><span style=\"vertical-align: inherit;\"><span style=\"vertical-align: inherit;\"><span style=\"vertical-align: inherit;\"><span style=\"vertical-align: inherit;\">\u00c1llkapocs<\/span><\/span><\/span><\/span><\/li>\n<li><span style=\"vertical-align: inherit;\"><span style=\"vertical-align: inherit;\"><span style=\"vertical-align: inherit;\"><span style=\"vertical-align: inherit;\">Minden<\/span><\/span><\/span><\/span><\/li>\n<li><span style=\"vertical-align: inherit;\"><span style=\"vertical-align: inherit;\"><span style=\"vertical-align: inherit;\"><span style=\"vertical-align: inherit;\">Nyak<\/span><\/span><\/span><\/span><\/li>\n<li><span style=\"vertical-align: inherit;\"><span style=\"vertical-align: inherit;\"><span style=\"vertical-align: inherit;\"><span style=\"vertical-align: inherit;\">Dekolt\u00e1zs<\/span><\/span><\/span><\/span><\/li>\n<li><span style=\"vertical-align: inherit;\"><span style=\"vertical-align: inherit;\"><span style=\"vertical-align: inherit;\"><span style=\"vertical-align: inherit;\">Kezek<\/span><\/span><\/span><\/span><\/li>\n<\/ul>","protected":false},"featured_media":4788,"template":"","meta":[],"product_cat":[202],"product_tag":[],"class_list":{"0":"post-4787","1":"product","2":"type-product","3":"status-publish","4":"has-post-thumbnail","6":"product_cat-collagen-powders","7":"product_brand-nithya","9":"first","10":"instock","11":"taxable","12":"shipping-taxable","13":"product-type-simple"},"_links":{"self":[{"href":"https:\/\/diamondesthetic.hu\/hu\/wp-json\/wp\/v2\/product\/4787","targetHints":{"allow":["GET"]}}],"collection":[{"href":"https:\/\/diamondesthetic.hu\/hu\/wp-json\/wp\/v2\/product"}],"about":[{"href":"https:\/\/diamondesthetic.hu\/hu\/wp-json\/wp\/v2\/types\/product"}],"wp:featuredmedia":[{"embeddable":true,"href":"https:\/\/diamondesthetic.hu\/hu\/wp-json\/wp\/v2\/media\/4788"}],"wp:attachment":[{"href":"https:\/\/diamondesthetic.hu\/hu\/wp-json\/wp\/v2\/media?parent=4787"}],"wp:term":[{"taxonomy":"product_cat","embeddable":true,"href":"https:\/\/diamondesthetic.hu\/hu\/wp-json\/wp\/v2\/product_cat?post=4787"},{"taxonomy":"product_tag","embeddable":true,"href":"https:\/\/diamondesthetic.hu\/hu\/wp-json\/wp\/v2\/product_tag?post=4787"}],"curies":[{"name":"wp","href":"https:\/\/api.w.org\/{rel}","templated":true}]}}