{"id":4789,"date":"2024-09-23T09:09:51","date_gmt":"2024-09-23T09:09:51","guid":{"rendered":"https:\/\/diamondesthetic.hu\/?post_type=product&#038;p=4789"},"modified":"2025-03-15T16:06:25","modified_gmt":"2025-03-15T16:06:25","slug":"injectable-nithya-body","status":"publish","type":"product","link":"https:\/\/diamondesthetic.hu\/hu\/termek\/injectable-nithya-body\/","title":{"rendered":"Injekci\u00f3s Nithya \u2013 BODY"},"content":{"rendered":"","protected":false},"excerpt":{"rendered":"<h2><span style=\"vertical-align: inherit;\"><span style=\"vertical-align: inherit;\">Nithya por<\/span><\/span><\/h2>\n<p><span style=\"vertical-align: inherit;\"><span style=\"vertical-align: inherit;\">Steril, hipoallerg\u00e9n I-es t\u00edpus\u00fa l\u00f3 kollag\u00e9n por.<\/span><\/span><\/p>\n<h2><span style=\"vertical-align: inherit;\"><span style=\"vertical-align: inherit;\">Javallatok<\/span><\/span><\/h2>\n<p><span style=\"vertical-align: inherit;\"><span style=\"vertical-align: inherit;\">A Nithya Body a b\u0151r k\u00f6t\u0151sz\u00f6veti regener\u00e1ci\u00f3j\u00e1nak serkent\u00e9s\u00e9re javallott sz\u00e9ps\u00e9g\u00e1pol\u00e1si kezel\u00e9seket k\u00f6vet\u0151en, optim\u00e1lis felt\u00e9teleket teremtve a kollag\u00e9n fiziol\u00f3gi\u00e1s k\u00e9pz\u0151d\u00e9s\u00e9hez. A NITHYA BODY k\u00fcl\u00f6n\u00f6sen aj\u00e1nlott petyh\u00fcdts\u00e9g eset\u00e9n, korrig\u00e1lja a test t\u00f6k\u00e9letlens\u00e9geit, mint p\u00e9ld\u00e1ul a hypotrophia, a b\u0151r hipot\u00f3nia \u00e9s a b\u0151r cs\u00f6kkent rugalmass\u00e1ga.<\/span><\/span><\/p>\n<h2><span style=\"vertical-align: inherit;\"><span style=\"vertical-align: inherit;\">Haszn\u00e1lati utas\u00edt\u00e1s<\/span><\/span><\/h2>\n<p><span style=\"vertical-align: inherit;\"><span style=\"vertical-align: inherit;\">A NITHYA BODY-t k\u00f6zvetlen\u00fcl felhaszn\u00e1l\u00e1s el\u0151tt szuszpenzi\u00f3v\u00e1 kell k\u00e9sz\u00edteni, desztill\u00e1lt injekci\u00f3hoz val\u00f3 v\u00edzzel 200 mg kollag\u00e9n\/10 ml v\u00edz ar\u00e1nyban keverve. A szuszpenzi\u00f3 elk\u00e9sz\u00edt\u00e9se ut\u00e1n azonnal fel kell haszn\u00e1lni, \u00e9s a marad\u00e9k term\u00e9ket meg kell semmis\u00edteni. A k\u00e9sz\u00fcl\u00e9k eldobhat\u00f3. A term\u00e9k eldobhat\u00f3. A term\u00e9ket intraderm\u00e1lis infiltr\u00e1ci\u00f3val adj\u00e1k be. <\/span><\/span><br \/>\n<span style=\"vertical-align: inherit;\"><span style=\"vertical-align: inherit;\">Haszn\u00e1ljon 30 G-os t\u0171ket (4-13 mm). A haszn\u00e1land\u00f3 t\u0171 kiv\u00e1laszt\u00e1sa az orvos d\u00f6nt\u00e9se alapj\u00e1n t\u00f6rt\u00e9nik, \u00e9s a kezelend\u0151 ter\u00fclett\u0151l f\u00fcgg. A t\u00f6k\u00e9letes lez\u00e1r\u00e1s \u00e9s a term\u00e9k bead\u00e1s k\u00f6zbeni kisziv\u00e1rg\u00e1s\u00e1nak elker\u00fcl\u00e9se \u00e9rdek\u00e9ben gy\u0151z\u0151dj\u00f6n meg arr\u00f3l, hogy a t\u0171 szorosan csatlakozik a fecskend\u0151h\u00f6z. Az intraderm\u00e1lis infiltr\u00e1ci\u00f3t csak eg\u00e9szs\u00e9g\u00fcgyi szakemberek v\u00e9gezhetik. A NITHYA BODY kifejezetten a fibroblaszt sejtmechanizmus stimul\u00e1l\u00e1s\u00e1ban javallt, az \u00faj fibroblasztok kialakul\u00e1s\u00e1\u00e9rt felel\u0151s endog\u00e9n kollag\u00e9n k\u00e9pz\u0151d\u00e9s\u00e9vel.<\/span><\/span><\/p>","protected":false},"featured_media":4790,"template":"","meta":[],"product_cat":[202],"product_tag":[],"class_list":{"0":"post-4789","1":"product","2":"type-product","3":"status-publish","4":"has-post-thumbnail","6":"product_cat-collagen-powders","7":"product_brand-nithya","9":"first","10":"instock","11":"taxable","12":"shipping-taxable","13":"product-type-simple"},"_links":{"self":[{"href":"https:\/\/diamondesthetic.hu\/hu\/wp-json\/wp\/v2\/product\/4789","targetHints":{"allow":["GET"]}}],"collection":[{"href":"https:\/\/diamondesthetic.hu\/hu\/wp-json\/wp\/v2\/product"}],"about":[{"href":"https:\/\/diamondesthetic.hu\/hu\/wp-json\/wp\/v2\/types\/product"}],"wp:featuredmedia":[{"embeddable":true,"href":"https:\/\/diamondesthetic.hu\/hu\/wp-json\/wp\/v2\/media\/4790"}],"wp:attachment":[{"href":"https:\/\/diamondesthetic.hu\/hu\/wp-json\/wp\/v2\/media?parent=4789"}],"wp:term":[{"taxonomy":"product_cat","embeddable":true,"href":"https:\/\/diamondesthetic.hu\/hu\/wp-json\/wp\/v2\/product_cat?post=4789"},{"taxonomy":"product_tag","embeddable":true,"href":"https:\/\/diamondesthetic.hu\/hu\/wp-json\/wp\/v2\/product_tag?post=4789"}],"curies":[{"name":"wp","href":"https:\/\/api.w.org\/{rel}","templated":true}]}}