{"id":5274,"date":"2025-01-10T10:07:44","date_gmt":"2025-01-10T10:07:44","guid":{"rendered":"https:\/\/diamondesthetic.hu\/?post_type=product&#038;p=5274"},"modified":"2025-03-16T13:04:28","modified_gmt":"2025-03-16T13:04:28","slug":"zhoabex-radiance-1-x-2ml","status":"publish","type":"product","link":"https:\/\/diamondesthetic.hu\/hu\/termek\/zhoabex-radiance-1-x-2ml\/","title":{"rendered":"Zhoabex Radiance (Skinbooster) 1 x 2ml"},"content":{"rendered":"<p>A b\u0151r optim\u00e1lis revitaliz\u00e1l\u00e1s\u00e1ra tervezett Zhoabex Radiance gondosan kiegyens\u00falyozott hialuronsavat haszn\u00e1l a hidrat\u00e1l\u00e1s \u00e9s a kollag\u00e9nszint\u00e9zis adjuv\u00e1nsak\u00e9nt, amely \u00e1ltal\u00e1ban a fiziol\u00f3gi\u00e1s folyamatok sor\u00e1n megy v\u00e9gbe, feszesebb, ragyog\u00f3bb b\u0151rt eredm\u00e9nyezve. Ide\u00e1lis azoknak a p\u00e1cienseknek, akik felfriss\u00fclt megjelen\u00e9sre v\u00e1gynak. Fokozza a b\u0151r rugalmass\u00e1g\u00e1t \u00e9s ragyog\u00e1s\u00e1t.<\/p>","protected":false},"excerpt":{"rendered":"<p>A Zhoabex Radiance a b\u0151r m\u00e9lyhidrat\u00e1l\u00e1s\u00e1ra \u00e9s biorevitaliz\u00e1ci\u00f3j\u00e1ra \u00f6sszpontos\u00edt. Jav\u00edtja a b\u0151r rugalmass\u00e1g\u00e1t, t\u00f3nus\u00e1t \u00e9s text\u00far\u00e1j\u00e1t, fiatalos ragyog\u00e1st biztos\u00edtva a p\u00e1cienseknek, ami jav\u00edtja a b\u0151r \u00e1ltal\u00e1nos eg\u00e9szs\u00e9g\u00e9t.<\/p>","protected":false},"featured_media":5338,"template":"","meta":[],"product_cat":[200],"product_tag":[],"class_list":{"0":"post-5274","1":"product","2":"type-product","3":"status-publish","4":"has-post-thumbnail","6":"product_cat-fillers","7":"product_brand-zhoabex","9":"first","10":"instock","11":"taxable","12":"shipping-taxable","13":"purchasable","14":"product-type-simple"},"_links":{"self":[{"href":"https:\/\/diamondesthetic.hu\/hu\/wp-json\/wp\/v2\/product\/5274","targetHints":{"allow":["GET"]}}],"collection":[{"href":"https:\/\/diamondesthetic.hu\/hu\/wp-json\/wp\/v2\/product"}],"about":[{"href":"https:\/\/diamondesthetic.hu\/hu\/wp-json\/wp\/v2\/types\/product"}],"wp:featuredmedia":[{"embeddable":true,"href":"https:\/\/diamondesthetic.hu\/hu\/wp-json\/wp\/v2\/media\/5338"}],"wp:attachment":[{"href":"https:\/\/diamondesthetic.hu\/hu\/wp-json\/wp\/v2\/media?parent=5274"}],"wp:term":[{"taxonomy":"product_cat","embeddable":true,"href":"https:\/\/diamondesthetic.hu\/hu\/wp-json\/wp\/v2\/product_cat?post=5274"},{"taxonomy":"product_tag","embeddable":true,"href":"https:\/\/diamondesthetic.hu\/hu\/wp-json\/wp\/v2\/product_tag?post=5274"}],"curies":[{"name":"wp","href":"https:\/\/api.w.org\/{rel}","templated":true}]}}